{"id":954,"date":"2018-03-27T17:43:37","date_gmt":"2018-03-27T20:43:37","guid":{"rendered":"http:\/\/portocalvo.al.gov.br\/home\/?page_id=954"},"modified":"2023-02-12T23:00:26","modified_gmt":"2023-02-13T02:00:26","slug":"dados-geograficos","status":"publish","type":"page","link":"https:\/\/portocalvo.al.gov.br\/home\/municipio\/dados-geograficos\/","title":{"rendered":"Dados Geogr\u00e1ficos"},"content":{"rendered":"<h2 style=\"text-align: center;\"><strong>CARACTERIZA\u00c7\u00c3O GEOGR\u00c1FICA<\/strong><\/h2>\n<p style=\"text-align: center;\"><strong>\u00c1REA TERRITORIAL<\/strong><\/p>\n<p style=\"text-align: center;\">313,231km\u00b2<\/p>\n<p>&nbsp;<\/p>\n<p style=\"text-align: center;\"><strong>LOCALIZA\u00c7\u00c3O<\/strong><\/p>\n<p style=\"text-align: justify;\">O munic\u00edpio de Porto Calvo localiza-se na regi\u00e3o norte do litoral alagoano, limitando-se com\u00a0<a href=\"https:\/\/pt.wikipedia.org\/wiki\/Jundi%C3%A1\">Jundi\u00e1<\/a>\u00a0(33Km),\u00a0<a href=\"https:\/\/pt.wikipedia.org\/wiki\/Matriz_de_Camaragibe\">Matriz de Camaragibe<\/a>\u00a0(25Km),\u00a0<a href=\"https:\/\/pt.wikipedia.org\/wiki\/Porto_de_Pedras\">Porto de Pedras<\/a>\u00a0(30Km),\u00a0<a href=\"https:\/\/pt.wikipedia.org\/wiki\/Japaratinga\">Japaratinga<\/a>\u00a0(20Km),\u00a0<a href=\"https:\/\/pt.wikipedia.org\/wiki\/Maragogi\">Maragogi<\/a>\u00a0(30Km) e\u00a0<a href=\"https:\/\/pt.wikipedia.org\/wiki\/Jacu%C3%ADpe\">Jacu\u00edpe<\/a>\u00a0(18\u00a0km). Distante de\u00a0<a href=\"https:\/\/pt.wikipedia.org\/wiki\/Macei%C3%B3\">Macei\u00f3<\/a>\u00a096 quil\u00f4metros e est\u00e1 situado 35 metros acima do n\u00edvel do mar. Ocupa uma \u00e1rea de 335\u00a0km\u00b2, \u00e9 a 31\u00aa regi\u00e3o em extens\u00e3o territorial do Estado de Alagoas.<\/p>\n<p style=\"text-align: justify;\">Seu relevo apresenta duas fei\u00e7\u00f5es: a primeira a dos tabuleiros, com uma\u00a0<a href=\"https:\/\/pt.wikipedia.org\/wiki\/Topografia\">topografia<\/a>\u00a0plana e suavemente ondulada, modelada em\u00a0<a href=\"https:\/\/pt.wikipedia.org\/wiki\/Rocha_sedimentar\">rochas sedimentares<\/a>\u00a0argiloarenosas. A segunda corresponde a do modelado em\u00a0<a href=\"https:\/\/pt.wikipedia.org\/wiki\/Rocha_cristalina\">rochas cristalinas<\/a>, com uma topografia ondulada e movimentada, destacando-se as serras do Caf\u00e9, do Urubu e Benfica. A altitude oscila de poucos metros a 200 metros.<\/p>\n<p style=\"text-align: center;\"><strong>HIDROGRAFIA<\/strong><\/p>\n<p style=\"text-align: justify;\">A\u00a0<a href=\"https:\/\/pt.wikipedia.org\/wiki\/Rede_hidrogr%C3%A1fica\">rede hidrogr\u00e1fica<\/a>\u00a0\u00e9 constitu\u00edda pelos Rios Salgados, Grupiuna, Manguaba, e seus afluentes, Comandatuba, Muicat\u00e1 e Tapamund\u00e9.<\/p>\n<p>&nbsp;<\/p>\n<p style=\"text-align: center;\"><strong>CLIMA E VEGETA\u00c7\u00c3O<\/strong><\/p>\n<p style=\"text-align: justify;\">Situado em altitudes muito baixas no litoral do\u00a0<a href=\"https:\/\/pt.wikipedia.org\/wiki\/Alagoas\">Estado de Alagoas<\/a>, o clima desse munic\u00edpio \u00e9 tropical megat\u00e9rmico e \u00famido, quase sub\u00famido. A varia\u00e7\u00e3o clim\u00e1tica sazonal \u00e9 assegurada, principalmente pelo regime de chuvas: h\u00e1 uma esta\u00e7\u00e3o muito chuvosa, centralizada no\u00a0<a href=\"https:\/\/pt.wikipedia.org\/wiki\/Inverno\">inverno<\/a>\u00a0(Junho, Julho e Agosto) e uma esta\u00e7\u00e3o seca centralizada no\u00a0<a href=\"https:\/\/pt.wikipedia.org\/wiki\/Ver%C3%A3o\">ver\u00e3o<\/a>\u00a0(Novembro, Dezembro e Janeiro). Os totais anuais de chuvas s\u00e3o elevados, normalmente entre 1400 e 1500\u00a0mm, por\u00e9m as chuvas s\u00e3o mal distribu\u00eddas ao longo do ano. Embora a esta\u00e7\u00e3o da chuva inicie-se normalmente em mar\u00e7o e termine em agosto (61% do total anual), somente a partir de maio iniciam-se as chuvas, estendendo-se at\u00e9 agosto, onde h\u00e1 uma grande forma\u00e7\u00e3o de \u00e1gua (500 a 600\u00a0mm, normalmente) que fica dispon\u00edvel para o escoamento superficial. Em contra partida, de outubro a fevereiro, chove apenas 15 a 20% do total anual. Considerando que as\u00a0<a href=\"https:\/\/pt.wikipedia.org\/wiki\/Temperatura\">temperaturas<\/a>\u00a0permanecem em n\u00edveis predominante elevados durante todo ano, a necessidade natural de \u00e1guas nessa \u00e9poca torna 15% a 20% de chuvas insuficientes, da\u00ed resultam grande d\u00e9ficit de \u00e1gua nos solos; que costumam prosseguir at\u00e9 abril. Tem as caracter\u00edsticas de um\u00a0<a href=\"https:\/\/pt.wikipedia.org\/wiki\/Clima_temperado\">clima temperado<\/a>\u00a0ocorrendo m\u00e1xima de 30\u00ba e m\u00ednima de 20\u00ba. O inverno tem seu in\u00edcio em abril e termina em setembro.<\/p>\n<p style=\"text-align: justify;\">O munic\u00edpio de Porto Calvo era coberto pela\u00a0<a href=\"https:\/\/pt.wikipedia.org\/wiki\/Mata_Atl%C3%A2ntica\">Mata Atl\u00e2ntica<\/a>, hoje bastante rara, preservada em alguns pontos e em recupera\u00e7\u00e3o em outros. Porto Calvo era dotado de consider\u00e1veis riquezas florestais, havendo madeiras de v\u00e1rias esp\u00e9cies. O\u00a0<a href=\"https:\/\/pt.wikipedia.org\/wiki\/Junco\">junco<\/a>\u00a0e o peri-peri, destinados \u00e0 confec\u00e7\u00e3o de\u00a0<a href=\"https:\/\/pt.wikipedia.org\/wiki\/Esteira_(artesanato)\">esteiras<\/a>, s\u00e3o encontradas em grandes quantidades em v\u00e1rios rios portocalvenses. J\u00e1 a riqueza de origem animal se constata em grande quantidade nos rios e lagoas.<\/p>\n<p style=\"text-align: justify;\">Esta vegeta\u00e7\u00e3o exuberante aos poucos foi sendo substitu\u00edda por outra, muito pouco diversificada, de sua principal cultura a cana-de-a\u00e7\u00facar. O clima tamb\u00e9m \u00e9 favor\u00e1vel \u00e0 lavoura de\u00a0<a href=\"https:\/\/pt.wikipedia.org\/wiki\/Subsist%C3%AAncia\">subsist\u00eancia<\/a>\u00a0(mandioca, milho, etc.)<\/p>\n","protected":false},"excerpt":{"rendered":"<p>CARACTERIZA\u00c7\u00c3O GEOGR\u00c1FICA \u00c1REA TERRITORIAL 313,231km\u00b2 &nbsp; LOCALIZA\u00c7\u00c3O O munic\u00edpio de Porto Calvo localiza-se na regi\u00e3o norte do litoral alagoano, limitando-se com\u00a0Jundi\u00e1\u00a0(33Km),\u00a0Matriz de Camaragibe\u00a0(25Km),\u00a0Porto de Pedras\u00a0(30Km),\u00a0Japaratinga\u00a0(20Km),\u00a0Maragogi\u00a0(30Km) e\u00a0Jacu\u00edpe\u00a0(18\u00a0km). Distante de\u00a0Macei\u00f3\u00a096 quil\u00f4metros e est\u00e1 situado 35 metros acima do n\u00edvel do mar. Ocupa uma \u00e1rea de 335\u00a0km\u00b2, \u00e9 a 31\u00aa regi\u00e3o em extens\u00e3o territorial do Estado de Alagoas. &hellip;<\/p>\n","protected":false},"author":2,"featured_media":0,"parent":943,"menu_order":0,"comment_status":"closed","ping_status":"closed","template":"","meta":{"pgc_sgb_lightbox_settings":""},"_links":{"self":[{"href":"https:\/\/portocalvo.al.gov.br\/home\/wp-json\/wp\/v2\/pages\/954"}],"collection":[{"href":"https:\/\/portocalvo.al.gov.br\/home\/wp-json\/wp\/v2\/pages"}],"about":[{"href":"https:\/\/portocalvo.al.gov.br\/home\/wp-json\/wp\/v2\/types\/page"}],"author":[{"embeddable":true,"href":"https:\/\/portocalvo.al.gov.br\/home\/wp-json\/wp\/v2\/users\/2"}],"replies":[{"embeddable":true,"href":"https:\/\/portocalvo.al.gov.br\/home\/wp-json\/wp\/v2\/comments?post=954"}],"version-history":[{"count":0,"href":"https:\/\/portocalvo.al.gov.br\/home\/wp-json\/wp\/v2\/pages\/954\/revisions"}],"up":[{"embeddable":true,"href":"https:\/\/portocalvo.al.gov.br\/home\/wp-json\/wp\/v2\/pages\/943"}],"wp:attachment":[{"href":"https:\/\/portocalvo.al.gov.br\/home\/wp-json\/wp\/v2\/media?parent=954"}],"curies":[{"name":"wp","href":"https:\/\/api.w.org\/{rel}","templated":true}]}}